{"id":133630,"date":"2025-09-08T08:24:36","date_gmt":"2025-09-08T08:24:36","guid":{"rendered":"https:\/\/q.maha.clinic\/partner\/"},"modified":"2026-02-23T14:35:09","modified_gmt":"2026-02-23T14:35:09","slug":"partner","status":"publish","type":"page","link":"https:\/\/q.maha.clinic\/sl\/","title":{"rendered":"Vpra\u0161anja"},"content":{"rendered":"<div class=\"wpb-content-wrapper\"><p>[vc_row row_height_percent=&#8221;100&#8243; back_image=&#8221;133464&#8243; overlay_color=&#8221;color-lxmt&#8221; overlay_alpha=&#8221;50&#8243; overlay_color_blend=&#8221;multiply&#8221; gutter_size=&#8221;3&#8243; column_width_percent=&#8221;100&#8243; shift_y=&#8221;0&#8243; z_index=&#8221;0&#8243; content_parallax=&#8221;0&#8243; uncode_shortcode_id=&#8221;121739&#8243; overlay_color_type=&#8221;uncode-palette&#8221;][vc_column column_width_percent=&#8221;100&#8243; position_vertical=&#8221;middle&#8221; align_horizontal=&#8221;align_center&#8221; gutter_size=&#8221;3&#8243; overlay_alpha=&#8221;50&#8243; shift_x=&#8221;0&#8243; shift_y=&#8221;0&#8243; shift_y_down=&#8221;0&#8243; z_index=&#8221;0&#8243; medium_width=&#8221;0&#8243; mobile_width=&#8221;0&#8243; width=&#8221;1\/1&#8243; uncode_shortcode_id=&#8221;282762&#8243;][vc_row_inner limit_content=&#8221;&#8221;][vc_column_inner width=&#8221;1\/2&#8243;][vc_custom_heading text_color=&#8221;color-lxmt&#8221; text_weight=&#8221;600&#8243; text_transform=&#8221;uppercase&#8221; uncode_shortcode_id=&#8221;177400&#8243; text_color_type=&#8221;uncode-palette&#8221;]Varno mesto za vsa va\u0161a vpra\u0161anja \u2014 Klinika Maha[\/vc_custom_heading][\/vc_column_inner][vc_column_inner column_width_percent=&#8221;100&#8243; position_vertical=&#8221;middle&#8221; align_horizontal=&#8221;align_center&#8221; gutter_size=&#8221;3&#8243; overlay_alpha=&#8221;50&#8243; shift_x=&#8221;0&#8243; shift_y=&#8221;0&#8243; shift_y_down=&#8221;0&#8243; z_index=&#8221;0&#8243; medium_width=&#8221;0&#8243; mobile_width=&#8221;0&#8243; width=&#8221;1\/2&#8243; uncode_shortcode_id=&#8221;110980&#8243;][\/vc_column_inner][\/vc_row_inner][\/vc_column][\/vc_row][vc_row unlock_row=&#8221;&#8221; row_height_percent=&#8221;0&#8243; override_padding=&#8221;yes&#8221; h_padding=&#8221;2&#8243; top_padding=&#8221;2&#8243; bottom_padding=&#8221;2&#8243; overlay_alpha=&#8221;50&#8243; gutter_size=&#8221;3&#8243; column_width_percent=&#8221;100&#8243; shift_y=&#8221;0&#8243; z_index=&#8221;0&#8243; uncode_shortcode_id=&#8221;182094&#8243;][vc_column column_width_percent=&#8221;100&#8243; align_horizontal=&#8221;align_center&#8221; gutter_size=&#8221;3&#8243; overlay_alpha=&#8221;50&#8243; shift_x=&#8221;0&#8243; shift_y=&#8221;0&#8243; shift_y_down=&#8221;0&#8243; z_index=&#8221;0&#8243; medium_width=&#8221;0&#8243; mobile_width=&#8221;0&#8243; width=&#8221;1\/6&#8243; uncode_shortcode_id=&#8221;133121&#8243;][\/vc_column][vc_column column_width_percent=&#8221;100&#8243; align_horizontal=&#8221;align_center&#8221; gutter_size=&#8221;3&#8243; overlay_alpha=&#8221;50&#8243; shift_x=&#8221;0&#8243; shift_y=&#8221;0&#8243; shift_y_down=&#8221;0&#8243; z_index=&#8221;0&#8243; medium_width=&#8221;0&#8243; mobile_width=&#8221;0&#8243; width=&#8221;4\/6&#8243; uncode_shortcode_id=&#8221;199939&#8243;][vc_custom_heading heading_semantic=&#8221;h5&#8243; text_size=&#8221;h5&#8243; text_weight=&#8221;400&#8243; uncode_shortcode_id=&#8221;446963&#8243;]<\/p>\n<p data-pm-slice=\"1 1 []\">Pre\u010di\u0161\u010den prostor za bistveno znanje. Zasebna stran z vpra\u0161anji in odgovori Maha zdru\u017euje skrbno izbrane odgovore na va\u0161a najpomembnej\u0161a vpra\u0161anja \u2014 jasne, natan\u010dne in ustvarjene s strani na\u0161ih medicinskih strokovnjakov.<\/p>\n<p>[\/vc_custom_heading][vc_empty_space empty_h=&#8221;2&#8243;][vc_row_inner][vc_column_inner column_width_percent=&#8221;100&#8243; align_horizontal=&#8221;align_center&#8221; gutter_size=&#8221;3&#8243; overlay_alpha=&#8221;50&#8243; shift_x=&#8221;0&#8243; shift_y=&#8221;0&#8243; shift_y_down=&#8221;0&#8243; z_index=&#8221;0&#8243; medium_width=&#8221;0&#8243; mobile_width=&#8221;0&#8243; width=&#8221;1\/2&#8243; uncode_shortcode_id=&#8221;194185&#8243;][vc_button radius=&#8221;btn-circle&#8221; border_width=&#8221;0&#8243; uncode_shortcode_id=&#8221;151253&#8243; link=&#8221;url:https%3A%2F%2Fpartner.maha.clinic%2Flogin%2F|title:Naro%C4%8Di%20se|&#8221;]Prijava[\/vc_button][\/vc_column_inner][vc_column_inner column_width_percent=&#8221;100&#8243; align_horizontal=&#8221;align_center&#8221; gutter_size=&#8221;3&#8243; overlay_alpha=&#8221;50&#8243; shift_x=&#8221;0&#8243; shift_y=&#8221;0&#8243; shift_y_down=&#8221;0&#8243; z_index=&#8221;0&#8243; medium_width=&#8221;0&#8243; mobile_width=&#8221;0&#8243; width=&#8221;1\/2&#8243; uncode_shortcode_id=&#8221;518537&#8243;][vc_button radius=&#8221;btn-circle&#8221; border_width=&#8221;0&#8243; uncode_shortcode_id=&#8221;299150&#8243; link=&#8221;url:https%3A%2F%2Fpartner.maha.clinic%2Fpartner-registration%2F|title:Naro%C4%8Di%20se|&#8221;]Registracija[\/vc_button][\/vc_column_inner][\/vc_row_inner][\/vc_column][vc_column width=&#8221;1\/6&#8243;][\/vc_column][\/vc_row][vc_row row_height_percent=&#8221;0&#8243; override_padding=&#8221;yes&#8221; h_padding=&#8221;2&#8243; top_padding=&#8221;0&#8243; bottom_padding=&#8221;0&#8243; overlay_alpha=&#8221;50&#8243; gutter_size=&#8221;3&#8243; column_width_percent=&#8221;100&#8243; shift_y=&#8221;0&#8243; z_index=&#8221;0&#8243; uncode_shortcode_id=&#8221;386198&#8243;][vc_column width=&#8221;1\/1&#8243;][vc_empty_space empty_h=&#8221;3&#8243;][\/vc_column][\/vc_row][vc_row row_height_percent=&#8221;0&#8243; override_padding=&#8221;yes&#8221; h_padding=&#8221;2&#8243; top_padding=&#8221;0&#8243; bottom_padding=&#8221;0&#8243; overlay_alpha=&#8221;50&#8243; gutter_size=&#8221;3&#8243; column_width_percent=&#8221;100&#8243; shift_y=&#8221;0&#8243; z_index=&#8221;0&#8243; uncode_shortcode_id=&#8221;386198&#8243;][vc_column width=&#8221;1\/1&#8243;][vc_empty_space empty_h=&#8221;3&#8243;][\/vc_column][\/vc_row][vc_row][vc_column width=&#8221;1\/1&#8243;][uncode_block id=&#8221;130820&#8243;][\/vc_column][\/vc_row]<\/p>\n<\/div>","protected":false},"excerpt":{"rendered":"<p>[vc_row row_height_percent=&#8221;100&#8243; back_image=&#8221;133464&#8243; overlay_color=&#8221;color-lxmt&#8221; overlay_alpha=&#8221;50&#8243; overlay_color_blend=&#8221;multiply&#8221; gutter_size=&#8221;3&#8243; column_width_percent=&#8221;100&#8243; shift_y=&#8221;0&#8243; z_index=&#8221;0&#8243; content_parallax=&#8221;0&#8243; uncode_shortcode_id=&#8221;121739&#8243; overlay_color_type=&#8221;uncode-palette&#8221;][vc_column column_width_percent=&#8221;100&#8243; position_vertical=&#8221;middle&#8221; align_horizontal=&#8221;align_center&#8221; gutter_size=&#8221;3&#8243; overlay_alpha=&#8221;50&#8243; shift_x=&#8221;0&#8243; shift_y=&#8221;0&#8243; [&hellip;]<\/p>\n","protected":false},"author":1,"featured_media":0,"parent":0,"menu_order":0,"comment_status":"closed","ping_status":"closed","template":"","meta":{"_acf_changed":false,"footnotes":""},"class_list":["post-133630","page","type-page","status-publish","hentry"],"acf":[],"yoast_head":"<!-- This site is optimized with the Yoast SEO plugin v27.0 - https:\/\/yoast.com\/product\/yoast-seo-wordpress\/ -->\n<title>Vpra\u0161anja &#8212; MAHA - Q<\/title>\n<meta name=\"robots\" content=\"index, follow, max-snippet:-1, max-image-preview:large, max-video-preview:-1\" \/>\n<link rel=\"canonical\" href=\"https:\/\/q.maha.clinic\/sl\/\" \/>\n<meta property=\"og:locale\" content=\"sl_SI\" \/>\n<meta property=\"og:type\" content=\"article\" \/>\n<meta property=\"og:title\" content=\"Vpra\u0161anja &#8212; MAHA - Q\" \/>\n<meta property=\"og:description\" content=\"[vc_row row_height_percent=&#8221;100&#8243; back_image=&#8221;133464&#8243; overlay_color=&#8221;color-lxmt&#8221; overlay_alpha=&#8221;50&#8243; overlay_color_blend=&#8221;multiply&#8221; gutter_size=&#8221;3&#8243; column_width_percent=&#8221;100&#8243; shift_y=&#8221;0&#8243; z_index=&#8221;0&#8243; content_parallax=&#8221;0&#8243; uncode_shortcode_id=&#8221;121739&#8243; overlay_color_type=&#8221;uncode-palette&#8221;][vc_column column_width_percent=&#8221;100&#8243; position_vertical=&#8221;middle&#8221; align_horizontal=&#8221;align_center&#8221; gutter_size=&#8221;3&#8243; overlay_alpha=&#8221;50&#8243; shift_x=&#8221;0&#8243; shift_y=&#8221;0&#8243; [&hellip;]\" \/>\n<meta property=\"og:url\" content=\"https:\/\/q.maha.clinic\/sl\/\" \/>\n<meta property=\"og:site_name\" content=\"MAHA - Q\" \/>\n<meta property=\"article:publisher\" content=\"https:\/\/www.facebook.com\/MahaIntegrativnaMedicina\" \/>\n<meta property=\"article:modified_time\" content=\"2026-02-23T14:35:09+00:00\" \/>\n<meta property=\"og:image\" content=\"https:\/\/q.maha.clinic\/wp-content\/uploads\/2023\/09\/1200_675.png\" \/>\n\t<meta property=\"og:image:width\" content=\"1200\" \/>\n\t<meta property=\"og:image:height\" content=\"675\" \/>\n\t<meta property=\"og:image:type\" content=\"image\/png\" \/>\n<meta name=\"twitter:card\" content=\"summary_large_image\" \/>\n<meta name=\"twitter:label1\" content=\"Est. reading time\" \/>\n\t<meta name=\"twitter:data1\" content=\"1 minuta\" \/>\n<script type=\"application\/ld+json\" class=\"yoast-schema-graph\">{\"@context\":\"https:\/\/schema.org\",\"@graph\":[{\"@type\":\"WebPage\",\"@id\":\"https:\/\/q.maha.clinic\/sl\/\",\"url\":\"https:\/\/q.maha.clinic\/sl\/\",\"name\":\"Vpra\u0161anja &#8212; MAHA - Q\",\"isPartOf\":{\"@id\":\"https:\/\/q.maha.clinic\/sl\/#website\"},\"datePublished\":\"2025-09-08T08:24:36+00:00\",\"dateModified\":\"2026-02-23T14:35:09+00:00\",\"breadcrumb\":{\"@id\":\"https:\/\/q.maha.clinic\/sl\/#breadcrumb\"},\"inLanguage\":\"sl-SI\",\"potentialAction\":[{\"@type\":\"ReadAction\",\"target\":[\"https:\/\/q.maha.clinic\/sl\/\"]}]},{\"@type\":\"BreadcrumbList\",\"@id\":\"https:\/\/q.maha.clinic\/sl\/#breadcrumb\",\"itemListElement\":[{\"@type\":\"ListItem\",\"position\":1,\"name\":\"Home\",\"item\":\"https:\/\/q.maha.clinic\/sl\/\"},{\"@type\":\"ListItem\",\"position\":2,\"name\":\"Vpra\u0161anja\"}]},{\"@type\":\"WebSite\",\"@id\":\"https:\/\/q.maha.clinic\/sl\/#website\",\"url\":\"https:\/\/q.maha.clinic\/sl\/\",\"name\":\"MAHA - Q\",\"description\":\"MAHA - Q\",\"publisher\":{\"@id\":\"https:\/\/q.maha.clinic\/sl\/#organization\"},\"potentialAction\":[{\"@type\":\"SearchAction\",\"target\":{\"@type\":\"EntryPoint\",\"urlTemplate\":\"https:\/\/q.maha.clinic\/sl\/?s={search_term_string}\"},\"query-input\":{\"@type\":\"PropertyValueSpecification\",\"valueRequired\":true,\"valueName\":\"search_term_string\"}}],\"inLanguage\":\"sl-SI\"},{\"@type\":\"Organization\",\"@id\":\"https:\/\/q.maha.clinic\/sl\/#organization\",\"name\":\"MAHA - Q\",\"url\":\"https:\/\/q.maha.clinic\/sl\/\",\"logo\":{\"@type\":\"ImageObject\",\"inLanguage\":\"sl-SI\",\"@id\":\"https:\/\/q.maha.clinic\/sl\/#\/schema\/logo\/image\/\",\"url\":\"https:\/\/q.maha.clinic\/wp-content\/uploads\/2023\/09\/maha_logo.png\",\"contentUrl\":\"https:\/\/q.maha.clinic\/wp-content\/uploads\/2023\/09\/maha_logo.png\",\"width\":1920,\"height\":1080,\"caption\":\"MAHA - Q\"},\"image\":{\"@id\":\"https:\/\/q.maha.clinic\/sl\/#\/schema\/logo\/image\/\"},\"sameAs\":[\"https:\/\/www.facebook.com\/MahaIntegrativnaMedicina\"]}]}<\/script>\n<!-- \/ Yoast SEO plugin. -->","yoast_head_json":{"title":"Vpra\u0161anja &#8212; MAHA - Q","robots":{"index":"index","follow":"follow","max-snippet":"max-snippet:-1","max-image-preview":"max-image-preview:large","max-video-preview":"max-video-preview:-1"},"canonical":"https:\/\/q.maha.clinic\/sl\/","og_locale":"sl_SI","og_type":"article","og_title":"Vpra\u0161anja &#8212; MAHA - Q","og_description":"[vc_row row_height_percent=&#8221;100&#8243; back_image=&#8221;133464&#8243; overlay_color=&#8221;color-lxmt&#8221; overlay_alpha=&#8221;50&#8243; overlay_color_blend=&#8221;multiply&#8221; gutter_size=&#8221;3&#8243; column_width_percent=&#8221;100&#8243; shift_y=&#8221;0&#8243; z_index=&#8221;0&#8243; content_parallax=&#8221;0&#8243; uncode_shortcode_id=&#8221;121739&#8243; overlay_color_type=&#8221;uncode-palette&#8221;][vc_column column_width_percent=&#8221;100&#8243; position_vertical=&#8221;middle&#8221; align_horizontal=&#8221;align_center&#8221; gutter_size=&#8221;3&#8243; overlay_alpha=&#8221;50&#8243; shift_x=&#8221;0&#8243; shift_y=&#8221;0&#8243; [&hellip;]","og_url":"https:\/\/q.maha.clinic\/sl\/","og_site_name":"MAHA - Q","article_publisher":"https:\/\/www.facebook.com\/MahaIntegrativnaMedicina","article_modified_time":"2026-02-23T14:35:09+00:00","og_image":[{"width":1200,"height":675,"url":"https:\/\/q.maha.clinic\/wp-content\/uploads\/2023\/09\/1200_675.png","type":"image\/png"}],"twitter_card":"summary_large_image","twitter_misc":{"Est. reading time":"1 minuta"},"schema":{"@context":"https:\/\/schema.org","@graph":[{"@type":"WebPage","@id":"https:\/\/q.maha.clinic\/sl\/","url":"https:\/\/q.maha.clinic\/sl\/","name":"Vpra\u0161anja &#8212; MAHA - Q","isPartOf":{"@id":"https:\/\/q.maha.clinic\/sl\/#website"},"datePublished":"2025-09-08T08:24:36+00:00","dateModified":"2026-02-23T14:35:09+00:00","breadcrumb":{"@id":"https:\/\/q.maha.clinic\/sl\/#breadcrumb"},"inLanguage":"sl-SI","potentialAction":[{"@type":"ReadAction","target":["https:\/\/q.maha.clinic\/sl\/"]}]},{"@type":"BreadcrumbList","@id":"https:\/\/q.maha.clinic\/sl\/#breadcrumb","itemListElement":[{"@type":"ListItem","position":1,"name":"Home","item":"https:\/\/q.maha.clinic\/sl\/"},{"@type":"ListItem","position":2,"name":"Vpra\u0161anja"}]},{"@type":"WebSite","@id":"https:\/\/q.maha.clinic\/sl\/#website","url":"https:\/\/q.maha.clinic\/sl\/","name":"MAHA - Q","description":"MAHA - Q","publisher":{"@id":"https:\/\/q.maha.clinic\/sl\/#organization"},"potentialAction":[{"@type":"SearchAction","target":{"@type":"EntryPoint","urlTemplate":"https:\/\/q.maha.clinic\/sl\/?s={search_term_string}"},"query-input":{"@type":"PropertyValueSpecification","valueRequired":true,"valueName":"search_term_string"}}],"inLanguage":"sl-SI"},{"@type":"Organization","@id":"https:\/\/q.maha.clinic\/sl\/#organization","name":"MAHA - Q","url":"https:\/\/q.maha.clinic\/sl\/","logo":{"@type":"ImageObject","inLanguage":"sl-SI","@id":"https:\/\/q.maha.clinic\/sl\/#\/schema\/logo\/image\/","url":"https:\/\/q.maha.clinic\/wp-content\/uploads\/2023\/09\/maha_logo.png","contentUrl":"https:\/\/q.maha.clinic\/wp-content\/uploads\/2023\/09\/maha_logo.png","width":1920,"height":1080,"caption":"MAHA - Q"},"image":{"@id":"https:\/\/q.maha.clinic\/sl\/#\/schema\/logo\/image\/"},"sameAs":["https:\/\/www.facebook.com\/MahaIntegrativnaMedicina"]}]}},"_links":{"self":[{"href":"https:\/\/q.maha.clinic\/sl\/wp-json\/wp\/v2\/pages\/133630","targetHints":{"allow":["GET"]}}],"collection":[{"href":"https:\/\/q.maha.clinic\/sl\/wp-json\/wp\/v2\/pages"}],"about":[{"href":"https:\/\/q.maha.clinic\/sl\/wp-json\/wp\/v2\/types\/page"}],"author":[{"embeddable":true,"href":"https:\/\/q.maha.clinic\/sl\/wp-json\/wp\/v2\/users\/1"}],"replies":[{"embeddable":true,"href":"https:\/\/q.maha.clinic\/sl\/wp-json\/wp\/v2\/comments?post=133630"}],"version-history":[{"count":4,"href":"https:\/\/q.maha.clinic\/sl\/wp-json\/wp\/v2\/pages\/133630\/revisions"}],"predecessor-version":[{"id":133721,"href":"https:\/\/q.maha.clinic\/sl\/wp-json\/wp\/v2\/pages\/133630\/revisions\/133721"}],"wp:attachment":[{"href":"https:\/\/q.maha.clinic\/sl\/wp-json\/wp\/v2\/media?parent=133630"}],"curies":[{"name":"wp","href":"https:\/\/api.w.org\/{rel}","templated":true}]}}